{"id":2,"date":"2016-05-10T03:48:21","date_gmt":"2016-05-10T03:48:21","guid":{"rendered":"http:\/\/wp452m.a10-52-158-154.qa.plesk.ru\/wordpress\/?page_id=2"},"modified":"2025-10-21T13:04:02","modified_gmt":"2025-10-21T13:04:02","slug":"sample-page","status":"publish","type":"page","link":"https:\/\/www.ramonafrueh.ch\/","title":{"rendered":"Agentur f\u00fcr Kultur &amp; Kommunikation"},"content":{"rendered":"\n<p>Ramona Fr\u00fch \u2013 Kulturmanagement, Projektleitung und Texte<\/p>\n\n\n\n<figure class=\"wp-block-image size-large\"><img loading=\"lazy\" decoding=\"async\" width=\"1024\" height=\"683\" src=\"http:\/\/www.ramonafrueh.ch\/wp-content\/uploads\/2025\/03\/210423-29178_Ret-Kopie-1024x683.jpg\" alt=\"\" class=\"wp-image-79\" srcset=\"https:\/\/www.ramonafrueh.ch\/wp-content\/uploads\/2025\/03\/210423-29178_Ret-Kopie-1024x683.jpg 1024w, https:\/\/www.ramonafrueh.ch\/wp-content\/uploads\/2025\/03\/210423-29178_Ret-Kopie-300x200.jpg 300w, https:\/\/www.ramonafrueh.ch\/wp-content\/uploads\/2025\/03\/210423-29178_Ret-Kopie-768x512.jpg 768w, https:\/\/www.ramonafrueh.ch\/wp-content\/uploads\/2025\/03\/210423-29178_Ret-Kopie.jpg 1200w\" sizes=\"auto, (max-width: 709px) 85vw, (max-width: 909px) 67vw, (max-width: 1362px) 62vw, 840px\" \/><\/figure>\n\n\n<h1><strong>Mit Herzblut und Engagement <\/strong><strong>\u00fcbernehme ich als Freelancerin die Projektleitung Ihres Sonderprojektes, <\/strong><strong>schreibe Ihre Text,\u00a0<\/strong><strong>mache Kulturberatung, oder vermittle Ihnen spannende K\u00fcnstler*innen.<\/strong><\/h1>\n<p>Meine St\u00e4rken liegen in der effizienten Planung, strukturierten Organisation und umsichtigen Durchf\u00fchrung von kulturellen Projekten sowie im stilsicheren Schreiben von verschiedensten Texten. Ich \u00fcbernehme Mandate in der Kulturberatung f\u00fcr Ihren Kulturverein oder Ihre Kulturinstitution. Bei der Planung Ihrer Literatur- oder Spoken-Word-Veranstaltung vermittle ich Ihnen gerne die passenden K\u00fcnstler*innen. Ich liebe es, kreative Ideen zu spinnen und in die Tat umzusetzen.\u00a0<\/p>\n<h1><strong>Das gesamte Projektmanagement ist bei mir in guten H\u00e4nden.<\/strong><\/h1>\n<p>Ich bringe Struktur in Ihr Vorhaben. Ich \u00fcbernehme das gesamte Projektmanagement, erstelle und \u00fcberwache das Budget, den Zeitplan und erledige die gesamte Buchhaltung. Damit Sie sich um nichts mehr sorgen m\u00fcssen und wissen, dass bei mir alles in besten H\u00e4nden ist.<\/p>\n<h1><strong>Leidenschaftlich gerne k\u00fcmmere ich mich um Ihre Kommunikation.<\/strong><\/h1>\n<p>Ich betreue f\u00fcr verschiedene Kund*innen Websiten, Newsletter, die Facebook-, Instagram- oder LinkedIn-Kan\u00e4le. Ich schreibe zielgruppengerechte Texte und erstelle ansprechende Posts. Ebenfalls liebend gerne schreibe ich journalistische Texte, Medienmitteilungen oder Reden.<\/p>\n<h1><strong>Gerne unterst\u00fctze und berate ich Ihre Kulturinstitution.<\/strong><\/h1>\n<p>Ob Sie ein Projekt haben und nicht weiterkommen oder eine grundlegene Organisationsentwicklung angehen m\u00f6chten: Ich unterst\u00fctze und berate Ihre Kulturinstitution oder Kulturverein bei Entwicklungs- und Ver\u00e4nderungsprozessen strategischer, struktureller oder inhaltlicher Art.<\/p>\n<h1><strong>Ich vermittle spannende K\u00fcnstler*innen aus den Bereichen Literatur und Spoken Word und erstelle passende Programme f\u00fcr Ihre Veranstaltung \u2013 drinnen oder draussen.<\/strong><\/h1>\n<p>Mit meiner Expertise und meinem grossen Netzwerk in der Schweizer Literatur- und Spoken-Word-Szene kann ich Ihnen passende K\u00fcnstler*innen f\u00fcr Ihre Veranstaltungen vermitteln. Oder ich erstelle Ihnen ein passgenaues Veranstaltungsprogramm mit Lesungen oder literarischen Spazierg\u00e4ngen mit inhaltlichem Bezug zu Ihrem gew\u00fcnschen Thema. Sei es eine Konferenz, ein Vereinsausflug oder ein Geburtstagsfest. Open-Air-Events sind mein Lieblingsgebiet!<\/p>\n<h1><strong>Gerne arbeite ich auch f\u00fcr Sie.<\/strong><\/h1>\n<p>Ich liebe neue Herausforderungen! Haben Sie ein kurzfristig umzusetzendes Projekt, bei welchem Sie eine Freelancerin brauchen? Haben Sie einen gr\u00f6sseren Auftrag, ein Jubil\u00e4um, ein Sonderprojekt oder eine Neuausrichtung geplant, bei der Sie froh w\u00e4ren um fachliches Knowhow? Oder brauchen Sie eine*n K\u00fcnstler*in oder ein spannendes Rahmenprogramm f\u00fcr Ihr Firmenj\u00fcbil\u00e4um? Als Vermittlerin und Freelancerin unterst\u00fctze ich Sie gerne \u2013 kurzfristig und tempor\u00e4r.<\/p>\n<p>Kontaktieren Sie mich unverbindlich:<\/p>\n<p>Ramona Fr\u00fch, Gesch\u00e4ftsf\u00fchrerin<br \/>Telefon oder WhatsApp: <a href=\"http:\/\/&quot;tel:+43147&quot;\" target=\"_blank\" rel=\"noopener\">+41 79 633 63 60<\/a><br \/>Per Mail:<a href=\"mailto:info@ramonafrueh.ch\"> info@ramonafrueh.ch<\/a><\/p>\n<hr \/>\n<h1>\u00dcber mich:<br \/><strong>Ich bin seit 2013 selbst\u00e4ndige Kulturmanagerin in Winterthur. 2022 habe ich die Kultur &amp; Kommunikation GmbH gegr\u00fcndet.<br \/><\/strong><\/h1>\n<p>Nach dem Studium in Journalismus, Musikwissenschaft und Geschichte besuchte ich verschiedene Weiterbildungen in Projektmanagement, Eventmanagement, Sponsoring sowie in Online- und Social-Media-Kommunikation. W\u00e4hrend zehn Jahren habe ich in der Kulturf\u00f6rderung gearbeitet \u2013 bei der Schweizer Kulturstiftung Pro Helvetia und dem Kanton Thurgau. Seit 2013 bin ich selbst\u00e4ndig im Kulturmanagement t\u00e4tig. 2015 habe ich die Literatur- und Spoken-Word-Reihe <a href=\"http:\/\/www.lauschig.ch\" target=\"_blank\" rel=\"noopener\">lauschig<\/a> initiiert, die ich seither leite und die j\u00e4hrlich in Winterthur stattfindet. Zudem \u00fcbernehme ich verschiedene andere Mandate im Kulturbereich. Von 2019\u20132025 war ich Mitglied der Literaturkommission der Stadt Winterthur. Seit 2024 bin ich Shinrin-Yoku-Gesundheitstrainerin und biete seither unter <a href=\"https:\/\/www.waldbadenwinterthur.ch\/\" target=\"_blank\" rel=\"noopener\">Waldbaden Winterthur<\/a> Schnupperkurse, Workshops und Waldbaden-Teamevents in Winterthur an.<\/p>\n<h2><strong>F\u00fcr verschiedene Kulturakteur*innen arbeite ich an Konzepten und Programmen, im Projektmanagement, in der Kommunikation und in der Administration.<\/strong><\/h2>\n<p>Meine Auftraggeber*innen sind Kulturveranstaltende, -Institutionen, Vereine und K\u00fcnstler*innen. F\u00fcr diese \u00fcbernehme ich Projektauftr\u00e4ge oder \u00fcbernehme Mandate.<\/p>\n<hr \/>\n<h1>Meine Referenzen:<\/h1>\n<p>lauschig, Literatur- und Spoken-Word-Reihe in den sch\u00f6nsten G\u00e4rten Winterthurs: <a href=\"http:\/\/www.lauschig.ch\" target=\"_blank\" rel=\"noopener noreferrer\">www.lauschig.ch<\/a><br \/><em>seit 2015 Intendanz und Leitung von lauschig \u2013 wOrte im Freien. Gr\u00fcndung, Gesch\u00e4ftsleitung, Konzept, Programm, Finanzierung, Kommunikation, Organisation und Durchf\u00fchrung<\/em><\/p>\n<p>Heimspiel 2024: <a href=\"http:\/\/www.heimspiel.tv\" target=\"_blank\" rel=\"noopener noreferrer\">www.heimspiel.tv<\/a><br \/><em>August 2023 bis Mai 2025 Co-Projektleitung (OK-Leitung, Durchf\u00fchrung der Ausschreibung, Koordination, Kommunikation, Controlling) des l\u00e4nder\u00fcbergreifenden Ausstellungsformats \u00abHeimspiel\u00bb der Kantone Appenzell Innerrhoden, Appenzell Ausserrhoden, Glarus, Thurgau, St.Gallen sowie Vorarlberg und des F\u00fcrstentums Liechtenstein<\/em><\/p>\n<p>Inselfestival Rheinau: <a href=\"http:\/\/www.inselfestival.ch\" target=\"_blank\" rel=\"noopener noreferrer\">www.inselfestival.ch<\/a><br \/><em>2017, 2022 und 2026 Mitglied der Festivalleitung, Fundraising, Administration, Ticketing, Finanzwesen, Buchhaltung sowie Kassierin des Vereins<\/em><\/p>\n<p>Interdisziplin\u00e4re Konzertreihe Neuer Musik \u00abN\u0152ISE\u00bb: <a href=\"http:\/\/www.noeise.ch\">www.noeise.ch<\/a><br \/><em>2021\u20132024 Erarbeitung eines Kommunikationskonzepts, Beratung und Umsetzung der Kommunikation (Website, Newsletter, Social Media)<\/em><\/p>\n<p>Sofalesungen Winterthur: <a href=\"http:\/\/www.sofalesungen.ch\" target=\"_blank\" rel=\"noopener noreferrer\">www.sofalesungen.ch<\/a><br \/><em>seit 2017 Administration und Buchhaltung der Sofalesungen Winterthur<br \/>2022\u20132023 zudem verantwortlich f\u00fcr die Programmierung, Finanzierung, Organisation und Durchf\u00fchrung<br \/><\/em><\/p>\n<p>Schaffhausen Klassik, Veranstalter Klassischer Konzerte in Schaffhausen: <a href=\"http:\/\/www.schaffhausen-klassik.ch\" target=\"_blank\" rel=\"noopener noreferrer\">www.schaffhausen-klassik.ch<\/a><br \/><em>2020\u20132023 Betreuung der Online-Kommunikation, Fundraising<br \/>2021\u20132023 F\u00fchrung der gesamten Gesch\u00e4ftsstelle inkl. Personalverantwortung, Budgtverantwortung, Fundraising, Organisation und Abwicklung der Konzerte<\/em><\/p>\n<p>Konzertreihe \u00ab5x Bach um 5\u00bb: <a href=\"http:\/\/www.5xbach.ch\" target=\"_blank\" rel=\"noopener\">www.5xbach.ch<\/a><br \/><em>2020 und 2021 Projektleitung, Kommunikation und Fundraising<\/em><\/p>\n<p>Annedore Neufeld, Dirigentin: <a href=\"http:\/\/www.annedore-neufeld.com\" target=\"_blank\" rel=\"noopener noreferrer\">www.annedore-neufeld.com<\/a><br \/><em>2019\u20132023 Betreuung der Online-Kommunikation, Projektmitarbeit<\/em><\/p>\n<p>Konzertverein Andelfingen: <a href=\"http:\/\/www.konzertverein.ch\" target=\"_blank\" rel=\"noopener noreferrer\">www.konzertverein.ch<\/a><br \/><em>2013\u20132023 Mitarbeit bei verschiedenen Projekten in den Bereichen Fundraising und Ticketing<\/em><\/p>\n<p>thurgaukultur, Online-Kulturmagazin: <a href=\"http:\/\/www.thurgaukultur.ch\" target=\"_blank\" rel=\"noopener noreferrer\">www.thurgaukultur.ch<\/a><br \/><em>2019\u20132021 Freie Korrespondentin, 2020 Erarbeitung eines Konzepts f\u00fcr Instagram, 2021 tempor\u00e4r Redaktionsleiterin f\u00fcr 2 Monate, 2025 tempor\u00e4r Redaktionsleiterin f\u00fcr 5 Wochen<\/em><\/p>\n<p>H\u00f6rsalon, eine Reihe mit H\u00f6rspielen und literarischen Konzerten in der Villa Str\u00e4uli, Winterthur: <a href=\"https:\/\/www.villastraeuli.ch\" target=\"_blank\" rel=\"noopener noreferrer\">www.villastraeuli.ch<\/a><br \/><em>2017\u20132019 Konzept, Programm, Durchf\u00fchrung<\/em><\/p>\n<p>Magazin 12 Swiss Books der Schweizer <em>Kulturstiftung<\/em> Pro Helvetia: <a href=\"http:\/\/www.12swissbooks.ch\" target=\"_blank\" rel=\"noopener noreferrer\">www.12swissbooks.ch<\/a><br \/><em>2014\u20132019 freie Mitarbeit Redaktion<\/em><\/p>\n<hr \/>\n<h1>Kontaktieren Sie mich.<\/h1>\n<p>Ramona Fr\u00fch\u00a0 |\u00a0 Kultur &amp; Kommunikation GmbH\u00a0 |\u00a0 Metzggasse 8\u00a0 |\u00a0 8400 Winterthur<br \/>Telefon oder WhatsApp: <a href=\"http:\/\/&quot;tel:+43147&quot;\" target=\"_blank\" rel=\"noopener\">+41 79 633 63 60<\/a><br \/>Per Mail:<a href=\"mailto:info@ramonafrueh.ch\"> info@ramonafrueh.ch<\/a><\/p>\n\n\n<p><\/p>\n\n\n\n<figure class=\"wp-block-gallery aligncenter has-nested-images columns-default is-cropped wp-block-gallery-1 is-layout-flex wp-block-gallery-is-layout-flex\">\n<figure class=\"wp-block-image size-large\"><img loading=\"lazy\" decoding=\"async\" width=\"1024\" height=\"1024\" data-id=\"52\" src=\"https:\/\/www.ramonafrueh.ch\/wp-content\/uploads\/2021\/06\/210423-18395_Ret-Kopie-1024x1024.jpg\" alt=\"\" class=\"wp-image-52\" srcset=\"https:\/\/www.ramonafrueh.ch\/wp-content\/uploads\/2021\/06\/210423-18395_Ret-Kopie-1024x1024.jpg 1024w, https:\/\/www.ramonafrueh.ch\/wp-content\/uploads\/2021\/06\/210423-18395_Ret-Kopie-300x300.jpg 300w, https:\/\/www.ramonafrueh.ch\/wp-content\/uploads\/2021\/06\/210423-18395_Ret-Kopie-150x150.jpg 150w, https:\/\/www.ramonafrueh.ch\/wp-content\/uploads\/2021\/06\/210423-18395_Ret-Kopie-768x768.jpg 768w, https:\/\/www.ramonafrueh.ch\/wp-content\/uploads\/2021\/06\/210423-18395_Ret-Kopie.jpg 1200w\" sizes=\"auto, (max-width: 709px) 85vw, (max-width: 909px) 67vw, (max-width: 1362px) 62vw, 840px\" \/><figcaption class=\"wp-element-caption\">Fotos: Stefan Kubli<\/figcaption><\/figure>\n<\/figure>\n\n\n\n<p><\/p>\n","protected":false},"excerpt":{"rendered":"<p>Ramona Fr\u00fch \u2013 Kulturmanagement, Projektleitung und Texte Mit Herzblut und Engagement \u00fcbernehme ich als Freelancerin die Projektleitung Ihres Sonderprojektes, schreibe Ihre Text,\u00a0mache Kulturberatung, oder vermittle Ihnen spannende K\u00fcnstler*innen. Meine St\u00e4rken liegen in der effizienten Planung, strukturierten Organisation und umsichtigen Durchf\u00fchrung von kulturellen Projekten sowie im stilsicheren Schreiben von verschiedensten Texten. Ich \u00fcbernehme Mandate in der &hellip; <a href=\"https:\/\/www.ramonafrueh.ch\/\" class=\"more-link\"><span class=\"screen-reader-text\">&#8222;Agentur f\u00fcr Kultur &amp; Kommunikation&#8220; <\/span>weiterlesen<\/a><\/p>\n","protected":false},"author":1,"featured_media":0,"parent":0,"menu_order":0,"comment_status":"closed","ping_status":"open","template":"","meta":{"footnotes":""},"class_list":["post-2","page","type-page","status-publish","hentry"],"_links":{"self":[{"href":"https:\/\/www.ramonafrueh.ch\/index.php?rest_route=\/wp\/v2\/pages\/2","targetHints":{"allow":["GET"]}}],"collection":[{"href":"https:\/\/www.ramonafrueh.ch\/index.php?rest_route=\/wp\/v2\/pages"}],"about":[{"href":"https:\/\/www.ramonafrueh.ch\/index.php?rest_route=\/wp\/v2\/types\/page"}],"author":[{"embeddable":true,"href":"https:\/\/www.ramonafrueh.ch\/index.php?rest_route=\/wp\/v2\/users\/1"}],"replies":[{"embeddable":true,"href":"https:\/\/www.ramonafrueh.ch\/index.php?rest_route=%2Fwp%2Fv2%2Fcomments&post=2"}],"version-history":[{"count":49,"href":"https:\/\/www.ramonafrueh.ch\/index.php?rest_route=\/wp\/v2\/pages\/2\/revisions"}],"predecessor-version":[{"id":87,"href":"https:\/\/www.ramonafrueh.ch\/index.php?rest_route=\/wp\/v2\/pages\/2\/revisions\/87"}],"wp:attachment":[{"href":"https:\/\/www.ramonafrueh.ch\/index.php?rest_route=%2Fwp%2Fv2%2Fmedia&parent=2"}],"curies":[{"name":"wp","href":"https:\/\/api.w.org\/{rel}","templated":true}]}}